{"id":40,"date":"2021-12-15T14:56:04","date_gmt":"2021-12-15T13:56:04","guid":{"rendered":"https:\/\/rimashaw.com\/?page_id=40"},"modified":"2025-09-24T14:59:22","modified_gmt":"2025-09-24T12:59:22","slug":"biographie","status":"publish","type":"page","link":"https:\/\/rimashaw.com\/index.php\/biographie\/","title":{"rendered":"Biographie"},"content":{"rendered":"\n<p><p style=\"text-align: justify;\">&nbsp;<\/p><\/p>\n\n\n\n<p><p style=\"text-align: justify;\"><strong>Rima Shaw<\/strong><\/p><\/p>\n\n\n\n<p style=\"line-height:1.8\"><p class=\".text_justify {text-align: justify}\" style=\"line-height: 1.8; text-align: justify;\">N\u00e9e en 1957 \u00e0 Cambridge, aux Etats-Unis, de nationalit\u00e9 fran\u00e7aise. Issue d&rsquo;une famille d&rsquo;artistes franco-am\u00e9ricains, elle sera tr\u00e8s t\u00f4t initi\u00e9e aux arcanes d&rsquo;un m\u00e9tier qui deviendra le sien. Ce monde de l\u2019Art a affermi plus tard sa r\u00e9solution de se consacrer au questionnement tout spirituel de la beaut\u00e9.\u00a0\u2028Form\u00e9e, pour ce qui concerne son rapport avec les diverses techniques de l&rsquo;art de peindre, aux Beaux-Arts d&rsquo;Aix-en-Provence, puis ayant approfondi ses connaissances en suivant r\u00e9guli\u00e8rement les cours d&rsquo;histoire de l&rsquo;Art \u00e0 l&rsquo;\u00c9cole du Louvre de Paris, \u00a0elle s&rsquo;est engag\u00e9e au fil des ann\u00e9es \u00e0 exp\u00e9rimenter les ressources comme les limites des formes traditionnelles de l&rsquo;expression picturale, en explorant certains motifs incontournables comme le paysage, le portrait, la nature morte et m\u00eame l\u2019ic\u00f4ne, mais en cherchant \u00e0 les soustraire aux automatismes convenus, persuad\u00e9e, comme elle l&rsquo;est encore aujourd&rsquo;hui, qu&rsquo;aucun sujet n&rsquo;est \u00e9puisable, et, qu&rsquo;en \u00e9coutant son \u00e9motion devant l&rsquo;indicible de ce qui appara\u00eet, chacun peut entrevoir les immenses possibilit\u00e9s contenues dans ce que l&rsquo;on est convenu d&rsquo;appeler de ce nom, \u00ab\u00a0le r\u00e9el\u00a0\u00bb.\u00a0\u2028Apr\u00e8s des ann\u00e9es pass\u00e9es \u00e0 d\u00e9couvrir en quoi ces exp\u00e9riences techniquement tr\u00e8s vari\u00e9es devaient aboutir, non seulement \u00e0 un consid\u00e9rable enrichissement de sa palette, mais \u00e0 une approche plus secr\u00e8te et surtout plus vraie du visible, elle a concentr\u00e9 ses recherches sur des formats que l&rsquo;on peut \u00ab\u00a0tenir en mains\u00a0\u00bb &#8211; dit-elle &#8211; en poursuivant une \u0153uvre toute attentive aux affinit\u00e9s in\u00e9dites de la Nature proprement dite, en revenant essentiellement sur ce qu&rsquo;elle tient \u00e0 ranger dans la vaste rubrique de ce qu&rsquo;on appelle \u00ab\u00a0paysage\u00a0\u00bb, alors que cette nouvelle qu\u00eate non d\u00e9nu\u00e9e d&rsquo;une po\u00e9sie toute m\u00e9ditative, conduit celui qui regarde \u00e0 renoncer \u00e0 l&rsquo;exp\u00e9rience d&rsquo;un \u00ab\u00a0spectacle\u00a0\u00bb, afin de faire celle d&rsquo;une v\u00e9ritable \u00ab\u00a0immersion\u00a0\u00bb.\u00a0\u2028En effet, depuis quelques temps, une ferveur toute m\u00e9taphysique a, petit-\u00e0-petit, conduit son art \u00e0 s&rsquo;exprimer autour d&rsquo;un motif d\u00e9gag\u00e9 par l&rsquo;observation minutieuse du ruissellement lumineux qui, au gr\u00e9 des heures et des saisons, habite comme un h\u00f4te incomparable les festonnements tr\u00e8s \u00e9labor\u00e9s du monde v\u00e9g\u00e9tal, faisant na\u00eetre le \u00ab\u00a0possible\u00a0\u00bb contenu dans la r\u00e9alit\u00e9. \u2028Pour elle, toute v\u00e9g\u00e9tation, et notamment les grands arbres, sont de splendides r\u00e9ceptacles du ciel et de ses innombrables nuances luminescentes ; leurs ramures et leurs feuillages pi\u00e8gent litt\u00e9ralement la myst\u00e9rieuse coloration du d\u00e9roulement des jours et des nuits, faisant vivre d&rsquo;une mani\u00e8re sans cesse renouvel\u00e9e l&rsquo;alchimie des \u00e9l\u00e9ments entre eux.\u00a0\u2028Dans cette transmutation de la lumi\u00e8re qui r\u00e9v\u00e8le un nombre infini de variations tr\u00e8s \u00e9pur\u00e9es aux rythmiques et aux harmonies color\u00e9es les plus raffin\u00e9es, la peinture de Rima Shaw puise son aliment en d\u00e9veloppant avec une grande subtilit\u00e9 ce qui, appartenant au r\u00e9el, va tout naturellement enrichir son \u00ab\u00a0art de peindre\u00a0\u00bb si particulier, dans le m\u00eame temps que ces peintures r\u00e9v\u00e9leront \u00e0 travers la musicalit\u00e9 de leurs harmonies et de leurs secr\u00e8tes vibrations, l&rsquo;amiti\u00e9 si vaste qui, de tout temps, s&rsquo;est tiss\u00e9e entre les \u00e9l\u00e9ments \u00e0 travers \u00ab\u00a0le fameux filtre magique\u00a0\u00bb du regard port\u00e9 sur ce qui \u00a0est\u00a0 per\u00e7u par le peintre. <br> <em>Emma Torrens<\/em><\/p>\n\n\n\n<p style=\"line-height:1.8\"><p class=\".text_justify {text-align: justify}\" style=\"line-height: 1.8; text-align: justify;\"><strong>Editions<\/strong><br><br><strong>1995 <\/strong>Commande de dix dessins pour le livre : <em>Albert Kahn, les jardins d\u2019une id\u00e9e<\/em>. Texte de Pascal de Bligni\u00e8res, Editions La Biblioth\u00e8que, en collaboration avec le Mus\u00e9e Albert Kahn \u00e0 Boulogne.<br><strong>1991<\/strong> R\u00e9alisation d\u2019un monogramme et d\u2019une maquette de couverture pour les collections des Editions La Biblioth\u00e8que. Paris<br><strong>1998\/1999<\/strong> Calligraphie pour deux ouvrages parus aux \u00e9ditions Nathan : <em>P\u00eaches de r\u00eaves et Montagnes de r\u00eaves<\/em><br><strong>2010 \u00e0 2024<\/strong> Conception \u00e9ditoriale de la monographie et catalogues Vinardel<\/p>\n\n\n\n<p style=\"line-height:1.8\"><p class=\".text_justify {text-align: justify}\" style=\"line-height: 1.8; text-align: justify;\"><strong>Expositions personnelles<\/strong><br><br><strong>2025 <\/strong>Couvent des Dominicains, Paris<br><strong>2014<\/strong> Galerie Barlier, Paris<br><strong>2005 <\/strong>Galerie Visconti, Paris<br><strong>2002<\/strong> Espace Harmattan, Paris<br><strong>2000<\/strong> Espace Harmattan, Paris<\/p>\n\n\n\n<p style=\"line-height:1.8\"><p class=\".text_justify {text-align: justify}\" style=\"line-height: 1.8; text-align: justify;\"><strong>Expositions collectives<\/strong><br><br><strong>2022 <\/strong>Fondation Taylor, Paris<br><strong>1993<\/strong> Salon des r\u00e9alit\u00e9s nouvelles, Paris<br><strong>1992<\/strong> Salon des r\u00e9alit\u00e9s nouvelles, Paris<br><strong>1991<\/strong> Salon des r\u00e9alit\u00e9s nouvelles, Paris<br><strong>1991<\/strong> Chapelle de la Salp\u00eatri\u00e8re, Paris<br><strong>1989<\/strong> G\u00e9nie de la Bastille, atelier Gustave de Sta\u00ebl, Paris<br><strong>1986<\/strong> Ch\u00e2teau du Martroy, Seine-et-Marne<br><strong>1984<\/strong> Salon d\u2019Automne, Grand Palais, Paris<br><strong>1983 <\/strong>Festival d\u2019Art Graphique d\u2019Osaka, Japon<\/p>\n\n\n<p><\/p>\n<p style=\"text-align: justify;\"><strong>Collections priv\u00e9es : <\/strong><\/p>\n<p><\/p>\n\n\n<p><p style=\"text-align: justify;\"><em>(Europe, Etats-Unis, Angleterre)<\/em><\/p><\/p>\n\n\n\n<div class=\"wp-block-columns are-vertically-aligned-center\">\n<div class=\"wp-block-column is-vertically-aligned-center\" style=\"flex-basis:100%\">\n<p style=\"line-height:1.8\">Jean-louis Arnaud<br>Patrick Battiston<br>Marie Brunschwig<br>Jacques Boudet<br>Laurent et H\u00e9l\u00e8ne Courbu<br>Jacques Damade<br>Yolaine Destremeau<br>Annie Eckly<br>Jean-Jacques Ficat<br>Florence Gillet<br>Dominique et St\u00e9phane Hatem<br>Mark Hutchinson<br>William et Selina Hutchison<br>Alexandre Indjic<br>Michel et Marie-Agn\u00e8s Jacquet<br>Carlos Joly<br>Anne Krief<br>Ren\u00e9 Lafon<br>Pierre Lesimple<br>Olivier de Lestrade<br>Tania Malison<br>James Magee<br>Andr\u00e9 Mazer<br>Andrew Meyer<br>Philippe Meyer<br>Vincent Meyer<br>Caroline Mester de Parajd<br>Patrice Mignon<br>Gilles et Astrid de Montalembert<br>Barbara Morihien<br>Paul Naug\u00e8s<br>Antoine d\u2019Ormesson<br>Caroline Pagesy<br>Solange Paul-Cavalier<br>Fran\u00e7ois Payenneville<br>Sarah Philipps<br>Florence de Puybaudet<br>Daniel Roussel &amp; Claire Illouz<br>Adam Shaw<br>Anne Serre<br>Anne de Sta\u00ebl<br>Maurice de Talansier<br>Jean-Marie Verlet<\/p>\n\n\n\n<p style=\"line-height:1.9\"><\/p>\n<\/div>\n<\/div>\n","protected":false},"excerpt":{"rendered":"<p>&nbsp; Rima Shaw N\u00e9e en 1957 \u00e0 Cambridge, aux Etats-Unis, de nationalit\u00e9 fran\u00e7aise. Issue d&rsquo;une famille d&rsquo;artistes franco-am\u00e9ricains, elle sera tr\u00e8s t\u00f4t initi\u00e9e aux arcanes d&rsquo;un m\u00e9tier qui deviendra le sien. Ce monde de l\u2019Art a affermi plus tard sa r\u00e9solution de se consacrer au questionnement tout spirituel de la beaut\u00e9.\u00a0\u2028Form\u00e9e, pour ce qui concerne &hellip; <\/p>\n<p class=\"link-more\"><a href=\"https:\/\/rimashaw.com\/index.php\/biographie\/\" class=\"more-link\">Continuer la lecture<span class=\"screen-reader-text\"> de &laquo;&nbsp;Biographie&nbsp;&raquo;<\/span><\/a><\/p>\n","protected":false},"author":1,"featured_media":0,"parent":0,"menu_order":0,"comment_status":"closed","ping_status":"closed","template":"","meta":[],"_links":{"self":[{"href":"https:\/\/rimashaw.com\/index.php\/wp-json\/wp\/v2\/pages\/40"}],"collection":[{"href":"https:\/\/rimashaw.com\/index.php\/wp-json\/wp\/v2\/pages"}],"about":[{"href":"https:\/\/rimashaw.com\/index.php\/wp-json\/wp\/v2\/types\/page"}],"author":[{"embeddable":true,"href":"https:\/\/rimashaw.com\/index.php\/wp-json\/wp\/v2\/users\/1"}],"replies":[{"embeddable":true,"href":"https:\/\/rimashaw.com\/index.php\/wp-json\/wp\/v2\/comments?post=40"}],"version-history":[{"count":37,"href":"https:\/\/rimashaw.com\/index.php\/wp-json\/wp\/v2\/pages\/40\/revisions"}],"predecessor-version":[{"id":723,"href":"https:\/\/rimashaw.com\/index.php\/wp-json\/wp\/v2\/pages\/40\/revisions\/723"}],"wp:attachment":[{"href":"https:\/\/rimashaw.com\/index.php\/wp-json\/wp\/v2\/media?parent=40"}],"curies":[{"name":"wp","href":"https:\/\/api.w.org\/{rel}","templated":true}]}}